{"id":1217,"date":"2025-08-16T15:53:56","date_gmt":"2025-08-16T15:53:56","guid":{"rendered":"http:\/\/wp12798483.server-he.de\/?page_id=1217"},"modified":"2025-12-04T20:49:47","modified_gmt":"2025-12-04T20:49:47","slug":"willkommen-bei-den-spreeborussen","status":"publish","type":"page","link":"https:\/\/wp12798483.server-he.de\/","title":{"rendered":"Willkommen bei den Spreeborussen"},"content":{"rendered":"\n<p>Seit 1986 DER Borussia M\u00f6nchengladbach-Fanclub in Berlin, denn in Berlin da gibt&#8217;s nur ein&#8216; Verein.<\/p>\n\n\n\n<hr class=\"wp-block-separator has-alpha-channel-opacity\"\/>\n\n\n\n<div class=\"wp-block-media-text has-media-on-the-right is-stacked-on-mobile\" style=\"grid-template-columns:auto 34%\"><div class=\"wp-block-media-text__content\">\n<p class=\"p1\"><span class=\"s1\"><b>Theo Weiss<br \/><\/b><\/span><span class=\"s1\">23.01.1962 \u2013 03.12.2025<\/span><\/p>\n<p class=\"p3\"><span class=\"s1\">Wir trauern um unseren Theo, Gr\u00fcnder der Spreeborussen, erster Fanbeauftragter der Bundesliga und Mitbegr\u00fcnder des Fanprojektes M\u00f6nchengladbach. <br \/><\/span><span class=\"s1\">Wir werden Deine Haltung, Deine Geschichten, Deine Leidenschaft und Dein Lachen vermissen.<\/span><\/p>\n<\/div><figure class=\"wp-block-media-text__media\"><img loading=\"lazy\" decoding=\"async\" width=\"1024\" height=\"1024\" src=\"http:\/\/wp12798483.server-he.de\/wp-content\/uploads\/2025\/12\/photo_2025-12-04-21.00.09-1024x1024.jpeg\" alt=\"\" class=\"wp-image-1237 size-full\" srcset=\"https:\/\/wp12798483.server-he.de\/wp-content\/uploads\/2025\/12\/photo_2025-12-04-21.00.09-1024x1024.jpeg 1024w, https:\/\/wp12798483.server-he.de\/wp-content\/uploads\/2025\/12\/photo_2025-12-04-21.00.09-300x300.jpeg 300w, https:\/\/wp12798483.server-he.de\/wp-content\/uploads\/2025\/12\/photo_2025-12-04-21.00.09-150x150.jpeg 150w, https:\/\/wp12798483.server-he.de\/wp-content\/uploads\/2025\/12\/photo_2025-12-04-21.00.09-768x768.jpeg 768w, https:\/\/wp12798483.server-he.de\/wp-content\/uploads\/2025\/12\/photo_2025-12-04-21.00.09-680x680.jpeg 680w, https:\/\/wp12798483.server-he.de\/wp-content\/uploads\/2025\/12\/photo_2025-12-04-21.00.09-920x920.jpeg 920w, https:\/\/wp12798483.server-he.de\/wp-content\/uploads\/2025\/12\/photo_2025-12-04-21.00.09.jpeg 1280w\" sizes=\"auto, (max-width: 1024px) 100vw, 1024px\" \/><\/figure><\/div>\n\n\n\n<hr class=\"wp-block-separator has-alpha-channel-opacity\"\/>\n\n\n\n<div class=\"wp-block-columns is-layout-flex wp-container-core-columns-is-layout-9d6595d7 wp-block-columns-is-layout-flex\">\n<div class=\"wp-block-column is-layout-flow wp-block-column-is-layout-flow\">\n<iframe src=\"https:\/\/www.google.com\/maps\/embed?pb=!1m14!1m8!1m3!1d444.18953999688875!2d13.304236990756236!3d52.52647918462961!3m2!1i1024!2i768!4f13.1!3m3!1m2!1s0x47a8514e2fe3f491%3A0x6c6c27a831501388!2sCaf%C3%A9%20Villa!5e0!3m2!1sde!2sde!4v1755358495239!5m2!1sde!2sde\" width=\"400\" height=\"300\" style=\"border:0;\" allowfullscreen=\"\" loading=\"lazy\" referrerpolicy=\"no-referrer-when-downgrade\"><\/iframe>\n<\/div>\n\n\n\n<div class=\"wp-block-column is-vertically-aligned-center is-layout-flow wp-block-column-is-layout-flow\">\n<p>M\u00f6chtest Du mit uns Borussia anfeuern oder uns einfach so kennen lernen, dann findest Du uns bei jedem Borussiaspiel in der <a rel=\"noreferrer noopener\" href=\"https:\/\/maps.app.goo.gl\/7PNvFfTFuBTp2qk69\" target=\"_blank\">\u201eVilla\u201c am Mierendorffplatz<\/a>, Brahestr. 39 in Berlin-Charlottenburg. Mit U-Bhf. Mierendorffplatz direkt vor der T\u00fcr, S\/U-Bhf. Jungfernheide ist auch zu Fuss erreichbar. Oder Du findest uns auf <a rel=\"noreferrer noopener\" href=\"https:\/\/www.instagram.com\/spreeborussen_berlin_1986?igsh=MTEyMHJ1cTNhMmoxYw==\" target=\"_blank\">Instagram<\/a>.<\/p>\n<\/div>\n<\/div>\n\n\n\n<h2 class=\"wp-block-heading\">FPMG-Regionalbetreuer Nordost<\/h2>\n\n\n\n<div class=\"wp-block-columns is-layout-flex wp-container-core-columns-is-layout-9d6595d7 wp-block-columns-is-layout-flex\">\n<div class=\"wp-block-column is-layout-flow wp-block-column-is-layout-flow\" style=\"flex-basis:33.33%\">\n<figure class=\"wp-block-image size-full\"><a href=\"http:\/\/wp12798483.server-he.de\/wp-content\/uploads\/2014\/12\/Silke_Schubert.jpg\"><img loading=\"lazy\" decoding=\"async\" width=\"985\" height=\"985\" src=\"http:\/\/wp12798483.server-he.de\/wp-content\/uploads\/2014\/12\/Silke_Schubert.jpg\" alt=\"\" class=\"wp-image-1149\" srcset=\"https:\/\/wp12798483.server-he.de\/wp-content\/uploads\/2014\/12\/Silke_Schubert.jpg 985w, https:\/\/wp12798483.server-he.de\/wp-content\/uploads\/2014\/12\/Silke_Schubert-150x150.jpg 150w, https:\/\/wp12798483.server-he.de\/wp-content\/uploads\/2014\/12\/Silke_Schubert-300x300.jpg 300w, https:\/\/wp12798483.server-he.de\/wp-content\/uploads\/2014\/12\/Silke_Schubert-680x680.jpg 680w, https:\/\/wp12798483.server-he.de\/wp-content\/uploads\/2014\/12\/Silke_Schubert-920x920.jpg 920w\" sizes=\"auto, (max-width: 985px) 100vw, 985px\" \/><\/a><\/figure>\n<\/div>\n\n\n\n<div class=\"wp-block-column is-vertically-aligned-center is-layout-flow wp-block-column-is-layout-flow\" style=\"flex-basis:66.66%\">\n<p>Regionalbetreuerin: Silke Neumicke<br>Wohnort: 12459 Berlin<br>Fanclub: Spreeborussen \u201986<br>Telefon: +49-15785586147<br>E-Mail: silke.schubert@fp-mg.de<\/p>\n\n\n\n<p>Bundesweite Regionalbetreuung des FPMG:&nbsp;<a href=\"http:\/\/www.fanprojekt.de\/de\/beitrag-zwei\/regionalbetreuung.html\">http:\/\/www.fanprojekt.de\/de\/beitrag-zwei\/regionalbetreuung.html<\/a><\/p>\n<\/div>\n<\/div>\n\n\n\n<p class=\"has-small-font-size\"><\/p>\n\n\n\n<p><\/p>\n","protected":false},"excerpt":{"rendered":"<p>Seit 1986 DER Borussia M\u00f6nchengladbach-Fanclub in Berlin, denn in Berlin da gibt&#8217;s nur ein&#8216; Verein. Theo Weiss23.01.1962 \u2013 03.12.2025 Wir trauern um unseren Theo, Gr\u00fcnder der Spreeborussen, erster Fanbeauftragter der Bundesliga und Mitbegr\u00fcnder des Fanprojektes M\u00f6nchengladbach. Wir werden Deine Haltung, Deine Geschichten, Deine Leidenschaft und Dein Lachen vermissen. M\u00f6chtest Du mit uns Borussia anfeuern oder [&hellip;]<\/p>\n","protected":false},"author":6,"featured_media":0,"parent":0,"menu_order":0,"comment_status":"closed","ping_status":"closed","template":"page-templates\/front-page.php","meta":{"footnotes":""},"class_list":["post-1217","page","type-page","status-publish","hentry"],"_links":{"self":[{"href":"https:\/\/wp12798483.server-he.de\/index.php?rest_route=\/wp\/v2\/pages\/1217","targetHints":{"allow":["GET"]}}],"collection":[{"href":"https:\/\/wp12798483.server-he.de\/index.php?rest_route=\/wp\/v2\/pages"}],"about":[{"href":"https:\/\/wp12798483.server-he.de\/index.php?rest_route=\/wp\/v2\/types\/page"}],"author":[{"embeddable":true,"href":"https:\/\/wp12798483.server-he.de\/index.php?rest_route=\/wp\/v2\/users\/6"}],"replies":[{"embeddable":true,"href":"https:\/\/wp12798483.server-he.de\/index.php?rest_route=%2Fwp%2Fv2%2Fcomments&post=1217"}],"version-history":[{"count":12,"href":"https:\/\/wp12798483.server-he.de\/index.php?rest_route=\/wp\/v2\/pages\/1217\/revisions"}],"predecessor-version":[{"id":1247,"href":"https:\/\/wp12798483.server-he.de\/index.php?rest_route=\/wp\/v2\/pages\/1217\/revisions\/1247"}],"wp:attachment":[{"href":"https:\/\/wp12798483.server-he.de\/index.php?rest_route=%2Fwp%2Fv2%2Fmedia&parent=1217"}],"curies":[{"name":"wp","href":"https:\/\/api.w.org\/{rel}","templated":true}]}}